{"id":197,"date":"2019-09-15T14:27:48","date_gmt":"2019-09-15T12:27:48","guid":{"rendered":"http:\/\/www.croceverdeintemelia.com\/?page_id=197"},"modified":"2019-09-15T15:09:57","modified_gmt":"2019-09-15T13:09:57","slug":"i-presidenti","status":"publish","type":"page","link":"https:\/\/www.croceverdeintemelia.com\/?page_id=197","title":{"rendered":"I PRESIDENTI"},"content":{"rendered":"<p>I PRESIDENTI<\/p>\n<p>Alla Presidenza della C.V.I., si sono avvicendate persone che, gratuita\u00admente, con il loro spirito di sacrificio e con la ferma volont\u00e0 di valorizzare questo Ente, hanno svolto, giorno dopo giorno, l\u2019impegno assunto con I\u2019accettazione dell\u2019incarico. Descrivere la figura di ogni Presidente \u00e8 opera improbabile ed \u00e8 facile cadere nel trionfalismo o nella retorica che ne altererebbero la personalit\u00e0. Ognuno si \u00e8 distinto in qualcosa, secondo la propria indole. In tutti pero c\u2019\u00e8 stato senso di abnegazione, responsabilit\u00e0 e continuo attaccamento alla causa abbracciata. Hanno solamente chiesto di avere la possibilit\u00e0 di elargire, quando fosse necessario, il loro pronto, disinteressato e benefico intervento per consenti\u00adre alla P.A. sotto la loro guida, di fare dei significativi passi avanti, di ingrandirsi, di migliorarsi per accrescere l\u2019attivita e la funzionalita dell\u2019en\u00adte. Sempre la cittadinanza ha risposto con affetto, aIle iniziative e agli appelli che ognuno di loro ha proposto, gratificandoli con il loro assenso.<\/p>\n<p>Dalla sua fondazione ad oggi i Presidenti che si sono susseguiti sono:<\/p>\n<p>Cognome\u00a0 \u00a0\u00a0 Nome\u00a0\u00a0\u00a0\u00a0\u00a0\u00a0 Anni<\/p>\n<p><strong>DUGINI Giovanni Presidente Fondatore<\/strong><\/p>\n<p><strong>SQUARCIAFICHI Angelo 1949 \u2013 1952<\/strong><\/p>\n<p><strong>BIANCHI Ugo 1952 \u2013 1957<\/strong><\/p>\n<p><strong>SQUARCIAFICHI Angelo 1957 \u2013 1965<\/strong><\/p>\n<p><strong>BIAMONTI Cesare 1965 \u2013 1967<\/strong><\/p>\n<p><strong>PASTOR Don Guido 1967 \u2013 1991<\/strong><\/p>\n<p><strong>COSCO Luciano 1991 \u2013 2016<\/strong><\/p>\n<p><strong>URSO Stefano 2016 \u2013 2017<\/strong><\/p>\n<p><strong>PALLANCA Davide 2017-<\/strong><\/p>\n","protected":false},"excerpt":{"rendered":"<p>I PRESIDENTI Alla Presidenza della C.V.I., si sono avvicendate persone che, gratuita\u00admente, con il loro spirito di sacrificio e con la ferma volont\u00e0 di valorizzare questo Ente, hanno svolto, giorno dopo giorno, l\u2019impegno assunto con I\u2019accettazione dell\u2019incarico. Descrivere la figura di ogni Presidente \u00e8 opera improbabile ed \u00e8 facile cadere nel trionfalismo o nella retorica &hellip; <a href=\"https:\/\/www.croceverdeintemelia.com\/?page_id=197\" class=\"more-link\">Continua la lettura di <span class=\"screen-reader-text\">I PRESIDENTI<\/span> <span class=\"meta-nav\">&rarr;<\/span><\/a><\/p>\n","protected":false},"author":2,"featured_media":0,"parent":0,"menu_order":0,"comment_status":"closed","ping_status":"closed","template":"","meta":[],"_links":{"self":[{"href":"https:\/\/www.croceverdeintemelia.com\/index.php?rest_route=\/wp\/v2\/pages\/197"}],"collection":[{"href":"https:\/\/www.croceverdeintemelia.com\/index.php?rest_route=\/wp\/v2\/pages"}],"about":[{"href":"https:\/\/www.croceverdeintemelia.com\/index.php?rest_route=\/wp\/v2\/types\/page"}],"author":[{"embeddable":true,"href":"https:\/\/www.croceverdeintemelia.com\/index.php?rest_route=\/wp\/v2\/users\/2"}],"replies":[{"embeddable":true,"href":"https:\/\/www.croceverdeintemelia.com\/index.php?rest_route=%2Fwp%2Fv2%2Fcomments&post=197"}],"version-history":[{"count":2,"href":"https:\/\/www.croceverdeintemelia.com\/index.php?rest_route=\/wp\/v2\/pages\/197\/revisions"}],"predecessor-version":[{"id":358,"href":"https:\/\/www.croceverdeintemelia.com\/index.php?rest_route=\/wp\/v2\/pages\/197\/revisions\/358"}],"wp:attachment":[{"href":"https:\/\/www.croceverdeintemelia.com\/index.php?rest_route=%2Fwp%2Fv2%2Fmedia&parent=197"}],"curies":[{"name":"wp","href":"https:\/\/api.w.org\/{rel}","templated":true}]}}