{"id":206,"date":"2019-09-15T14:27:48","date_gmt":"2019-09-15T12:27:48","guid":{"rendered":"http:\/\/www.croceverdeintemelia.com\/?page_id=206"},"modified":"2019-09-15T14:46:06","modified_gmt":"2019-09-15T12:46:06","slug":"come-e-nata-la-croce-verde-intemelia","status":"publish","type":"page","link":"https:\/\/www.croceverdeintemelia.com\/?page_id=206","title":{"rendered":"COME E&#8217; NATA LA CROCE VERDE INTEMELIA"},"content":{"rendered":"<p><strong>ANNO 1947<\/strong><\/p>\n<p>Nel 1947 la guerra, finita da appena due anni, aveva lasciato in Ventimiglia ancora tracce apertamente visibili del tremendo periodo tra\u00acscorso. Quale citt\u00e0 di frontiera, aveva subito numerosi e gravi bombarda\u00acmenti aerei e navali oltre all\u2019invasione di truppe tedesche e francesi. La citt\u00e0 era stata quasi completamente distrutta, anche perch\u00e8 era sede di un importante nodo ferroviario e di acquartieramento di truppe.<\/p>\n<p>Per tutti questi motivi, Ventimiglia \u00e8 stata la citt\u00e0 della zona Intemelia e una delle citt\u00e0 Italiane pi\u00f9 disastrate dall\u2019evento bellico.<\/p>\n<p>La ripresa era cos\u00ec molto pi\u00f9 difficile e lunga.<\/p>\n<p>La principale attivita di allora era quella edilizia, mirata alla ricostruzione delle case abbattute dalle bombe, ma essendo poco il denaro, l\u2019impresa edile non riusciva a prendere il via, il lavoro era scarso. II possibile lavoro frontaliero, che avrebbe successivamente portato ricchezza ed agiatezza negli anni sessanta, era ostacolato da rigide barriere doganali, da leggi di frontiera che imponevano minuziosi controlli e non si concedevano facilmente passaporti.<\/p>\n<p>In quel tempo di bisogno estremo, per avere un lavoro onde poter sopravvivere, la necessit\u00e0 aveva dato vita a un fiorente mercato nero con la vicina Francia. Inoltre numerosi erano i cosiddetti \u201cpasseur\u201d che, ben paga\u00acti accompagnavano clandestinamente oltre frontiera coloro che volevano emigrare.<\/p>\n<p>In questo difficile periodo post-bellico, si pu\u00f2 quindi immaginare come, tra le altre cose, fosse carente l\u2019assistenza sanitaria; gli ospedali erano fatiscenti e insufficienti, difficile era raggiungerli in tempi brevi a causa degli scarsi mezzi di trasporto, del dissesto stradale, della difficoltosa viabilit\u00e0 con mezzi motorizzati.<\/p>\n<p>Questa situazione creava notevoli disagi alla popolazione, specialmente per i residenti nelle zone periferiche, nelle frazioni, nei paesi limitrofi.<\/p>\n<p>In zona c\u2019era il presidio della Croce Rossa, ma era insufficiente ad una adeguata assistenza sanitaria, perch\u00e8 copriva soprattutto il pronto intervento.<img loading=\"lazy\" class=\"alignright wp-image-54\" src=\"http:\/\/www.croceverdeintemelia.com\/wp-content\/uploads\/2019\/09\/dugini.jpg\" alt=\"\" width=\"331\" height=\"387\" \/><\/p>\n<p>Fu allora che il Prof. Giovanni Dugini, membro della Croce Verde Genovese, accarezz\u00f2 l\u2019idea di fondare in Ventimiglia un\u2019ente di Pubblica Assistenza, che fosse in grado di soccorrere e lenire Ie sofferenze umane. Lo stesso, prese contatto con l\u2019allora Sindaco Avv. Maccario e con il Vice-Sindaco Sig. Trucchi onde poter ottenere l\u2019appoggio dell\u2019Amministrazione Comunale. \u00a0Il Prof. Dugini, dopo avere elaborato lo Statuto Sociale,\u00a0 studi\u00f2 anche la denominazione e lo stemma dell\u2019ente che chiam\u00f2, intendendo accomunare oltre alIa citt\u00e0 anche i vicini paesi, \u201cCROCE VERDE INTEMELIA\u201d.\u00a0 Dopo un anno di solitario lavoro, nel 1948, l\u2019ideatore lanciava a mezzo stampa e con manifesti murali, un appello alIa popolazione e alle autorit\u00e0, onde ottenere aiuti concreti per una pronta affermazione dell\u2019ente e di pari tempo invitava tutte le persone di buona volont\u00e0 a collaborare, facendosi \u00a0Soci e Militi della Croce Verde. Il richiamo dette immediatamente buoni frutti; i primi a raccogliere con vivo entusiasmo l\u2019invito furono i Sigg. Guido Gambin, Angelo Giannetto, Gino Lorenzi, Luigi Magliocchetti, Primo Robotti, Luigi Rossi e Raffaele Stefanelli; questi signori formarono il Comitato promotore la cui presidenza fu assunta dal fondatore. E\u2019 doveroso ricordare che i membri del Comitato si adoperarono con ogni mezzo, affrontando sacrifici non indifferenti, siano essi stati morali che materiali per dare vita all\u2019iniziativa, in particolare segnaliamo l\u2019azione del Sig. Luigi Rossi che riusc\u00ec ad ottenere, dalla Croce Bianca di Savona, una lettiga a mano.<img loading=\"lazy\" class=\"alignright wp-image-83\" src=\"http:\/\/www.croceverdeintemelia.com\/wp-content\/uploads\/2019\/09\/barella-a-mano.jpg\" alt=\"\" width=\"310\" height=\"199\" \/> Nel 1949, nella sala consiliare del Comune di Ventimiglia veniva ufficialmente riconosciuta la nascita dell\u2019ente che tanto vanto avrebbe portato alla citt\u00e0.<\/p>\n","protected":false},"excerpt":{"rendered":"<p>ANNO 1947 Nel 1947 la guerra, finita da appena due anni, aveva lasciato in Ventimiglia ancora tracce apertamente visibili del tremendo periodo tra\u00acscorso. Quale citt\u00e0 di frontiera, aveva subito numerosi e gravi bombarda\u00acmenti aerei e navali oltre all\u2019invasione di truppe tedesche e francesi. La citt\u00e0 era stata quasi completamente distrutta, anche perch\u00e8 era sede di &hellip; <a href=\"https:\/\/www.croceverdeintemelia.com\/?page_id=206\" class=\"more-link\">Continua la lettura di <span class=\"screen-reader-text\">COME E&#8217; NATA LA CROCE VERDE INTEMELIA<\/span> <span class=\"meta-nav\">&rarr;<\/span><\/a><\/p>\n","protected":false},"author":2,"featured_media":0,"parent":0,"menu_order":0,"comment_status":"closed","ping_status":"closed","template":"","meta":[],"_links":{"self":[{"href":"https:\/\/www.croceverdeintemelia.com\/index.php?rest_route=\/wp\/v2\/pages\/206"}],"collection":[{"href":"https:\/\/www.croceverdeintemelia.com\/index.php?rest_route=\/wp\/v2\/pages"}],"about":[{"href":"https:\/\/www.croceverdeintemelia.com\/index.php?rest_route=\/wp\/v2\/types\/page"}],"author":[{"embeddable":true,"href":"https:\/\/www.croceverdeintemelia.com\/index.php?rest_route=\/wp\/v2\/users\/2"}],"replies":[{"embeddable":true,"href":"https:\/\/www.croceverdeintemelia.com\/index.php?rest_route=%2Fwp%2Fv2%2Fcomments&post=206"}],"version-history":[{"count":3,"href":"https:\/\/www.croceverdeintemelia.com\/index.php?rest_route=\/wp\/v2\/pages\/206\/revisions"}],"predecessor-version":[{"id":347,"href":"https:\/\/www.croceverdeintemelia.com\/index.php?rest_route=\/wp\/v2\/pages\/206\/revisions\/347"}],"wp:attachment":[{"href":"https:\/\/www.croceverdeintemelia.com\/index.php?rest_route=%2Fwp%2Fv2%2Fmedia&parent=206"}],"curies":[{"name":"wp","href":"https:\/\/api.w.org\/{rel}","templated":true}]}}