{"id":211,"date":"2019-09-15T14:27:48","date_gmt":"2019-09-15T12:27:48","guid":{"rendered":"http:\/\/www.croceverdeintemelia.com\/?page_id=211"},"modified":"2019-09-30T11:16:36","modified_gmt":"2019-09-30T09:16:36","slug":"assistenze","status":"publish","type":"page","link":"https:\/\/www.croceverdeintemelia.com\/?page_id=211","title":{"rendered":"ASSISTENZE"},"content":{"rendered":"<h4>La Croce Verde viene sempre pi\u00f9 coinvolta ad effettuare servizi di assistenza, con ambulanze attrezzate per l\u2019emergenza e volontari adeguatamente formati, per manifestazioni sportive pi\u00f9 o meno complesse, spettacoli, eventi in cui sono coinvolte molte persone o in cui vi possono essere reali pericoli per i partecipanti.<br \/>\nPer questi servizi sono gli organizzatori che programmato l\u2019evento, contattano l\u2019Associazione per condividere il modo corretto per rendere la stessa manifestazione sicura dal punto di vista dell\u2019emergenza sanitaria.<br \/>\nTutti questi servizi sommati insieme rappresentano una mole di lavoro non indifferente e svolgerli al meglio per la soddisfazione degli organizzatori \u00e8 il nostro imperativo.<br \/>\nPi\u00f9 volontari si avranno a disposizione e pi\u00f9 tutto questo risulter\u00e0 fattibile!<\/h4>\n<h2>Per qualunque informazione e per programmare un&#8217;assistenza puoi inviare una mail a: <strong><a href=\"mailto:direzione.servizi@croceverdeintemelia.com\">direzione.servizi@croceverdeintemelia.com<\/a><\/strong><\/h2>\n","protected":false},"excerpt":{"rendered":"<p>La Croce Verde viene sempre pi\u00f9 coinvolta ad effettuare servizi di assistenza, con ambulanze attrezzate per l\u2019emergenza e volontari adeguatamente formati, per manifestazioni sportive pi\u00f9 o meno complesse, spettacoli, eventi in cui sono coinvolte molte persone o in cui vi possono essere reali pericoli per i partecipanti. Per questi servizi sono gli organizzatori che programmato &hellip; <a href=\"https:\/\/www.croceverdeintemelia.com\/?page_id=211\" class=\"more-link\">Continua la lettura di <span class=\"screen-reader-text\">ASSISTENZE<\/span> <span class=\"meta-nav\">&rarr;<\/span><\/a><\/p>\n","protected":false},"author":2,"featured_media":0,"parent":0,"menu_order":0,"comment_status":"closed","ping_status":"closed","template":"","meta":[],"_links":{"self":[{"href":"https:\/\/www.croceverdeintemelia.com\/index.php?rest_route=\/wp\/v2\/pages\/211"}],"collection":[{"href":"https:\/\/www.croceverdeintemelia.com\/index.php?rest_route=\/wp\/v2\/pages"}],"about":[{"href":"https:\/\/www.croceverdeintemelia.com\/index.php?rest_route=\/wp\/v2\/types\/page"}],"author":[{"embeddable":true,"href":"https:\/\/www.croceverdeintemelia.com\/index.php?rest_route=\/wp\/v2\/users\/2"}],"replies":[{"embeddable":true,"href":"https:\/\/www.croceverdeintemelia.com\/index.php?rest_route=%2Fwp%2Fv2%2Fcomments&post=211"}],"version-history":[{"count":6,"href":"https:\/\/www.croceverdeintemelia.com\/index.php?rest_route=\/wp\/v2\/pages\/211\/revisions"}],"predecessor-version":[{"id":586,"href":"https:\/\/www.croceverdeintemelia.com\/index.php?rest_route=\/wp\/v2\/pages\/211\/revisions\/586"}],"wp:attachment":[{"href":"https:\/\/www.croceverdeintemelia.com\/index.php?rest_route=%2Fwp%2Fv2%2Fmedia&parent=211"}],"curies":[{"name":"wp","href":"https:\/\/api.w.org\/{rel}","templated":true}]}}