{"id":375,"date":"2019-09-17T22:16:35","date_gmt":"2019-09-17T20:16:35","guid":{"rendered":"http:\/\/www.croceverdeintemelia.com\/?page_id=375"},"modified":"2019-10-22T11:18:10","modified_gmt":"2019-10-22T09:18:10","slug":"diventa-volontario","status":"publish","type":"page","link":"https:\/\/www.croceverdeintemelia.com\/?page_id=375","title":{"rendered":"DIVENTA VOLONTARIO"},"content":{"rendered":"<h2 style=\"text-align: center;\"><span style=\"color: #ff0000;\"><strong><u>Vuoi diventare un milite volontario della Croce Verde Intemelia?<\/u><\/strong><\/span><\/h2>\n<p>&nbsp;<\/p>\n<p><img loading=\"lazy\" class=\"alignnone size-full wp-image-406\" src=\"http:\/\/www.croceverdeintemelia.com\/wp-content\/uploads\/2019\/09\/70513755_2497038603715347_8209646900438106112_n2-1.jpg\" alt=\"\" width=\"960\" height=\"640\" \/><\/p>\n<h4>I Volontari sono le fondamenta di tutte le attivit\u00e0 svolte, sono il cuore dell\u2019associazione: il loro preziosissimo contributo \u00e8 l\u2019essenza per continuare ad essere presenti sul nostro territorio.<br \/>\nAttualmente la nostra Associazione conta la collaborazione circa 100 Volontari.<\/h4>\n<div id='gallery-1' class='gallery galleryid-375 gallery-columns-2 gallery-size-thumbnail'><figure class='gallery-item'>\n\t\t\t<div class='gallery-icon landscape'>\n\t\t\t\t<a href='https:\/\/www.croceverdeintemelia.com\/?attachment_id=690'><img width=\"150\" height=\"100\" src=\"https:\/\/www.croceverdeintemelia.com\/wp-content\/uploads\/2019\/10\/IMG_4069.jpg\" class=\"attachment-thumbnail size-thumbnail\" alt=\"\" loading=\"lazy\" \/><\/a>\n\t\t\t<\/div><\/figure><figure class='gallery-item'>\n\t\t\t<div class='gallery-icon landscape'>\n\t\t\t\t<a href='https:\/\/www.croceverdeintemelia.com\/?attachment_id=689'><img width=\"150\" height=\"113\" src=\"https:\/\/www.croceverdeintemelia.com\/wp-content\/uploads\/2019\/10\/IMG_8744.jpg\" class=\"attachment-thumbnail size-thumbnail\" alt=\"\" loading=\"lazy\" \/><\/a>\n\t\t\t<\/div><\/figure><figure class='gallery-item'>\n\t\t\t<div class='gallery-icon landscape'>\n\t\t\t\t<a href='https:\/\/www.croceverdeintemelia.com\/?attachment_id=688'><img width=\"150\" height=\"113\" src=\"https:\/\/www.croceverdeintemelia.com\/wp-content\/uploads\/2019\/10\/IMG_6028.jpg\" class=\"attachment-thumbnail size-thumbnail\" alt=\"\" loading=\"lazy\" \/><\/a>\n\t\t\t<\/div><\/figure><figure class='gallery-item'>\n\t\t\t<div class='gallery-icon landscape'>\n\t\t\t\t<a href='https:\/\/www.croceverdeintemelia.com\/?attachment_id=687'><img width=\"150\" height=\"113\" src=\"https:\/\/www.croceverdeintemelia.com\/wp-content\/uploads\/2019\/10\/IMG_5787.jpg\" class=\"attachment-thumbnail size-thumbnail\" alt=\"\" loading=\"lazy\" \/><\/a>\n\t\t\t<\/div><\/figure><figure class='gallery-item'>\n\t\t\t<div class='gallery-icon landscape'>\n\t\t\t\t<a href='https:\/\/www.croceverdeintemelia.com\/?attachment_id=266'><img width=\"150\" height=\"100\" src=\"https:\/\/www.croceverdeintemelia.com\/wp-content\/uploads\/2019\/09\/foto-cvi.jpg\" class=\"attachment-thumbnail size-thumbnail\" alt=\"\" loading=\"lazy\" \/><\/a>\n\t\t\t<\/div><\/figure>\n\t\t<\/div>\n\n<h4>Essere Volontario significa mettere a disposizione il proprio tempo, gratuitamente e disinteressatamente, a favore dell&#8217;\u2019Associazione ma soprattutto della \u201cgente\u201d. Quella gente comune che pu\u00f2 ringraziarti\u00a0solo con una stretta di mano, un saluto affettuoso, l\u2019offerta di un caff\u00e8 o semplicemente con un sorriso. Quella gente che soffre, che va avanti nonostante tutto, che i Volontari possono aiutare. Volontario significa fatica, passione, amore e soddisfazione. E\u2019 la possibilit\u00e0 di fare esperienze uniche, che lasciano un segno profondo. Volontario \u00e8 l\u2019&#8217;essenza stessa di un gesto, di un dono senza aspettarsi nulla in cambio.<\/h4>\n<h4>Se condividi anche tu i valori e gli scopi della nostra Croce Verde e hai del tempo libero da impegnare per aiutare persone in difficolt\u00e0 non esitare a venire a trovarci per chiedere informazioni relative al Volontariato cos\u00ec che i nostri militi ti possano chiarire ogni dubbio e soddisfare ogni curiosit\u00e0.<\/h4>\n<h4>Per fare parte della nostra squadra non occorre far altro che venire nella nostra sede e compilare il modulo di iscrizione al quale andranno allegati una serie di documenti. La domanda sar\u00e0 valutata dal Consiglio Direttivo e all&#8217;approvazione verrai contattato da un nostro dirigente.<\/h4>\n<h4>D&#8217;ora in poi sarai a tutti gli effetti un milite della Croce Verde Intemelia e potrai svolgere servizi di trasporto ordinari di accompagnamento, \u00a0se \u00a0vorrai proseguire in questa avventura potrai seguire il corso per diventare un soccorritore 118.\u00a0Il percorso di formazione prevede la frequentazione di un corso valido per la certificazione regionale per insegnare al candidato soccorritore come comportarsi nelle varie situazioni di emergenza e si conclude con una sessione di esame ed un periodo di tirocinio.<\/h4>\n<p><img loading=\"lazy\" class=\"alignnone size-full wp-image-606\" src=\"http:\/\/www.croceverdeintemelia.com\/wp-content\/uploads\/2019\/10\/CHZO3791.jpg\" alt=\"\" width=\"1600\" height=\"1102\" \/><\/p>\n<h4>Per scaricare la domanda d&#8217;ammissione clicca sul\u00a0 link sottostante:<\/h4>\n<h4 style=\"text-align: center;\"><a href=\"http:\/\/www.croceverdeintemelia.com\/wp-content\/uploads\/2019\/09\/DOMANDA-DAMMISSIONE.pdf\">DOMANDA D&#8217;AMMISSIONE<\/a><\/h4>\n<p>&nbsp;<\/p>\n","protected":false},"excerpt":{"rendered":"<p>Vuoi diventare un milite volontario della Croce Verde Intemelia? &nbsp; I Volontari sono le fondamenta di tutte le attivit\u00e0 svolte, sono il cuore dell\u2019associazione: il loro preziosissimo contributo \u00e8 l\u2019essenza per continuare ad essere presenti sul nostro territorio. Attualmente la nostra Associazione conta la collaborazione circa 100 Volontari. Essere Volontario significa mettere a disposizione il &hellip; <a href=\"https:\/\/www.croceverdeintemelia.com\/?page_id=375\" class=\"more-link\">Continua la lettura di <span class=\"screen-reader-text\">DIVENTA VOLONTARIO<\/span> <span class=\"meta-nav\">&rarr;<\/span><\/a><\/p>\n","protected":false},"author":2,"featured_media":0,"parent":0,"menu_order":0,"comment_status":"closed","ping_status":"closed","template":"","meta":[],"_links":{"self":[{"href":"https:\/\/www.croceverdeintemelia.com\/index.php?rest_route=\/wp\/v2\/pages\/375"}],"collection":[{"href":"https:\/\/www.croceverdeintemelia.com\/index.php?rest_route=\/wp\/v2\/pages"}],"about":[{"href":"https:\/\/www.croceverdeintemelia.com\/index.php?rest_route=\/wp\/v2\/types\/page"}],"author":[{"embeddable":true,"href":"https:\/\/www.croceverdeintemelia.com\/index.php?rest_route=\/wp\/v2\/users\/2"}],"replies":[{"embeddable":true,"href":"https:\/\/www.croceverdeintemelia.com\/index.php?rest_route=%2Fwp%2Fv2%2Fcomments&post=375"}],"version-history":[{"count":10,"href":"https:\/\/www.croceverdeintemelia.com\/index.php?rest_route=\/wp\/v2\/pages\/375\/revisions"}],"predecessor-version":[{"id":423,"href":"https:\/\/www.croceverdeintemelia.com\/index.php?rest_route=\/wp\/v2\/pages\/375\/revisions\/423"}],"wp:attachment":[{"href":"https:\/\/www.croceverdeintemelia.com\/index.php?rest_route=%2Fwp%2Fv2%2Fmedia&parent=375"}],"curies":[{"name":"wp","href":"https:\/\/api.w.org\/{rel}","templated":true}]}}